{"id":59,"date":"2022-11-15T16:01:57","date_gmt":"2022-11-15T15:01:57","guid":{"rendered":"http:\/\/www.lasourceauxdesirs.fr\/?page_id=59"},"modified":"2025-01-31T16:00:55","modified_gmt":"2025-01-31T15:00:55","slug":"accueil","status":"publish","type":"page","link":"https:\/\/lasourceauxdesirs.fr\/","title":{"rendered":"Accueil"},"content":{"rendered":"\n<p class=\"has-text-align-center has-black-color has-text-color has-link-color has-large-font-size wp-elements-2d00723cec77dd3e8132f28290573952\"><strong>Accueil <\/strong><\/p>\n\n\n\n<div style=\"height:100px\" aria-hidden=\"true\" class=\"wp-block-spacer\"><\/div>\n\n\n\n<p class=\"has-text-align-center has-black-color has-text-color has-x-large-font-size\"><strong>Bienvenue \u00e0 la Sources aux d\u00e9sirs,<\/strong><\/p>\n\n\n\n<figure class=\"wp-block-video\"><video height=\"720\" style=\"aspect-ratio: 720 \/ 720;\" width=\"720\" autoplay controls loop muted preload=\"auto\" src=\"https:\/\/lasourceauxdesirs.fr\/wp-content\/uploads\/2024\/11\/LkVus3mf.mp4\" playsinline><\/video><\/figure>\n\n\n\n<div style=\"height:100px\" aria-hidden=\"true\" class=\"wp-block-spacer\"><\/div>\n\n\n\n<p class=\"has-text-align-center has-black-color has-text-color has-link-color has-medium-font-size wp-elements-5e794e3a8978516c54d8ec6a7b6fb9a0\">Situ\u00e9 dans les Hauts de France, \u00e0 deux pas d\u2019Ardres et du Lac, c\u2019est l\u2019endroit id\u00e9al pour passer un moment \u00e0 deux quelques heures, le temps d\u2019une nuit ou d\u2019un week-end.<\/p>\n\n\n\n<p class=\"has-text-align-center has-black-color has-text-color has-medium-font-size\">Avec sa d\u00e9coration, noir, dor\u00e9e et son ciel \u00e9toil\u00e9, le d\u00e9paysement est assur\u00e9. <\/p>\n\n\n\n<p class=\"has-black-color has-text-color has-medium-font-size\">30m\u00b2 con\u00e7u de sorte \u00e0 ce que vous ne soyez pas s\u00e9par\u00e9 de votre moiti\u00e9 et dot\u00e9 de toutes les commodit\u00e9s dont vous avez besoin. <\/p>\n\n\n\n<p class=\"has-text-align-center has-black-color has-text-color has-medium-font-size\">Pour un anniversaire, une demande en mariage, la Saint-Valentin ou tout simplement pour lui dire que vous l&rsquo;aimez. Notre g\u00eete est fait pour vous. <\/p>\n\n\n\n<figure class=\"wp-block-image size-large\"><img loading=\"lazy\" decoding=\"async\" width=\"1024\" height=\"576\" src=\"https:\/\/lasourceauxdesirs.fr\/wp-content\/uploads\/2025\/01\/15320591-1024x576.jpeg\" alt=\"\" class=\"wp-image-516\" srcset=\"https:\/\/lasourceauxdesirs.fr\/wp-content\/uploads\/2025\/01\/15320591-1024x576.jpeg 1024w, https:\/\/lasourceauxdesirs.fr\/wp-content\/uploads\/2025\/01\/15320591-300x169.jpeg 300w, https:\/\/lasourceauxdesirs.fr\/wp-content\/uploads\/2025\/01\/15320591-768x432.jpeg 768w, https:\/\/lasourceauxdesirs.fr\/wp-content\/uploads\/2025\/01\/15320591.jpeg 1350w\" sizes=\"auto, (max-width: 1024px) 100vw, 1024px\" \/><\/figure>\n\n\n\n<p class=\"has-black-color has-text-color has-link-color has-small-font-size wp-elements-608a89fbe7a43c36286ad3c0c8cb4ff5\">Br\u00eames est un petit village charmant, situ\u00e9 pr\u00e8s d&rsquo;Ardres, dans le d\u00e9partement du Pas-de-Calais, en r\u00e9gion Hauts-de-France. Cette r\u00e9gion est un v\u00e9ritable havre de paix, entre terre et mer, et elle est souvent un excellent point de d\u00e9part pour d\u00e9couvrir la C\u00f4te d&rsquo;Opale et ses environs.<\/p>\n\n\n\n<hr class=\"wp-block-separator has-alpha-channel-opacity\"\/>\n\n\n\n<p class=\"has-black-color has-text-color has-link-color has-small-font-size wp-elements-689304ab9a34b8e9666853b28b535e8d\">Br\u00eames et Ardres sont proches de plusieurs attractions naturelles et historiques qui font la richesse de cette r\u00e9gion :<\/p>\n\n\n\n<ul class=\"wp-block-list\">\n<li class=\"has-black-color has-text-color has-link-color has-small-font-size wp-elements-e3952eca393e6fddf80f9b4da80e2408\"><strong>Le lac d&rsquo;Ardres<\/strong> : C\u2019est un joli plan d\u2019eau situ\u00e9 \u00e0 Ardres, id\u00e9al pour les balades en famille, les pique-niques et les activit\u00e9s nautiques comme la voile ou le p\u00e9dalo. C\u2019est \u00e9galement un bon endroit pour la p\u00eache. Le cadre calme et verdoyant fait de ce lac un lieu pris\u00e9 pour les amoureux de la nature.<\/li>\n\n\n\n<li class=\"has-black-color has-text-color has-link-color has-small-font-size wp-elements-5664a38d853e8b8e84dab549ed561c9a\"><strong>La campagne environnante<\/strong> : La r\u00e9gion est aussi compos\u00e9e de magnifiques paysages de campagne, avec des champs verdoyants, des for\u00eats et des chemins de randonn\u00e9e qui permettent de profiter d\u2019un air pur et d\u2019une nature pr\u00e9serv\u00e9e.<\/li>\n<\/ul>\n\n\n\n<div style=\"height:0px\" aria-hidden=\"true\" class=\"wp-block-spacer\"><\/div>\n\n\n\n<p class=\"has-black-color has-text-color has-link-color has-small-font-size wp-elements-7192861c0c6fb85e9251ec358416a9eb\">Les traditions locales<\/p>\n\n\n\n<p class=\"has-black-color has-text-color has-link-color has-small-font-size wp-elements-1114380419413e76d74e69cb5ef84e78\">La r\u00e9gion d&rsquo;Ardres et Br\u00eames a une forte identit\u00e9 locale, avec des traditions qui t\u00e9moignent de son riche pass\u00e9 :<\/p>\n\n\n\n<ul class=\"wp-block-list\">\n<li class=\"has-black-color has-text-color has-link-color has-small-font-size wp-elements-f3be620385d59ec0f7c87f3f6741a546\"><strong>Les f\u00eates locales<\/strong> : Dans cette r\u00e9gion, les festivit\u00e9s sont souvent li\u00e9es aux saisons et aux r\u00e9coltes. Par exemple, il peut y avoir des f\u00eates autour des produits du terroir, comme le fromage ou le vin local. Il est aussi possible d\u2019assister \u00e0 des \u00e9v\u00e9nements traditionnels comme les f\u00eates de la Saint-Jean ou des carnavals locaux.<\/li>\n\n\n\n<li class=\"has-black-color has-text-color has-link-color has-small-font-size wp-elements-f18d867911d9c020d1e389e8b992206a\"><strong>Les produits du terroir<\/strong> : La r\u00e9gion est r\u00e9put\u00e9e pour ses produits locaux comme les fromages (notamment le Maroilles et le Brique de Terroir), ses bi\u00e8res artisanales, et les fruits de mer \u00e9tant proche de la mer du Nord.<\/li>\n<\/ul>\n\n\n\n<div style=\"height:0px\" aria-hidden=\"true\" class=\"wp-block-spacer\"><\/div>\n\n\n\n<p class=\"has-black-color has-text-color has-link-color has-small-font-size wp-elements-ce8986592dc24afb909a758a19759da8\">Activit\u00e9s \u00e0 faire autour de Br\u00eames et Ardres<\/p>\n\n\n\n<ul class=\"wp-block-list\">\n<li class=\"has-black-color has-text-color has-link-color has-small-font-size wp-elements-c663c2e752a36c09a44a3bb4a7b6a463\"><strong>Randonn\u00e9e et v\u00e9lo<\/strong> : De nombreux sentiers de randonn\u00e9e et pistes cyclables serpentent la campagne et les environs du lac d\u2019Ardres. C\u2019est l\u2019occasion de d\u00e9couvrir les paysages locaux \u00e0 pied ou \u00e0 v\u00e9lo, de faire des balades au bord du lac, ou de s\u2019aventurer dans la campagne environnante.<\/li>\n\n\n\n<li class=\"has-black-color has-text-color has-link-color has-small-font-size wp-elements-a4a7673278555e87dca35bd9935142f9\"><strong>Visites culturelles et historiques<\/strong> : La r\u00e9gion est riche en histoire et il y a plusieurs sites \u00e0 d\u00e9couvrir :\n<ul class=\"wp-block-list\">\n<li>La ville d\u2019Ardres elle-m\u00eame, avec son centre historique et son patrimoine m\u00e9di\u00e9val.<\/li>\n\n\n\n<li>Les mus\u00e9es de la r\u00e9gion, comme le Mus\u00e9e de l\u2019Art et de l\u2019Histoire de Saint-Omer, qui abrite de nombreuses collections li\u00e9es \u00e0 la r\u00e9gion.<\/li>\n<\/ul>\n<\/li>\n\n\n\n<li class=\"has-black-color has-text-color has-link-color has-small-font-size wp-elements-ba1c4a926afff83ee351dc4fd494844e\"><strong>La C\u00f4te d\u2019Opale<\/strong> : Si vous cherchez \u00e0 vous \u00e9vader un peu plus loin, vous pouvez profiter de la proximit\u00e9 de la C\u00f4te d\u2019Opale (environ 30 km), avec ses plages de sable fin, ses dunes et ses falaises, notamment autour de Calais, Boulogne-sur-Mer ou Wimereux. Les promenades sur la plage, les activit\u00e9s nautiques ou m\u00eame les excursions en bateau.<\/li>\n\n\n\n<li class=\"has-black-color has-text-color has-link-color has-small-font-size wp-elements-607b0f8fcd8c913a6ed973ca686ba4d6\"><strong>D\u00e9couverte de la faune et la flore<\/strong> : Avec ses paysages vari\u00e9s, la r\u00e9gion permet \u00e9galement d\u2019observer une faune int\u00e9ressante, avec des oiseaux migrateurs qui s\u2019arr\u00eatent sur les marais ou des balades en for\u00eat pour les amateurs de nature.<\/li>\n\n\n\n<li class=\"has-black-color has-text-color has-link-color has-small-font-size wp-elements-b9c05d064bfb1b3375f95af11e5a0f5c\"><strong>Golf et loisirs sportifs<\/strong> : Il y a \u00e9galement des parcours de golf dans la r\u00e9gion, ainsi que des centres \u00e9questres pour des balades \u00e0 cheval dans la campagne.<\/li>\n<\/ul>\n\n\n\n<p><\/p>\n","protected":false},"excerpt":{"rendered":"<p>Accueil Bienvenue \u00e0 la Sources aux d\u00e9sirs, Situ\u00e9 dans les Hauts de France, \u00e0 deux pas d\u2019Ardres et du Lac, c\u2019est l\u2019endroit id\u00e9al pour passer un moment \u00e0 deux quelques heures, le temps d\u2019une nuit ou d\u2019un week-end. Avec sa d\u00e9coration, noir, dor\u00e9e et son ciel \u00e9toil\u00e9, le d\u00e9paysement est assur\u00e9. 30m\u00b2 con\u00e7u de sorte [&hellip;]<\/p>\n","protected":false},"author":1,"featured_media":199,"parent":0,"menu_order":0,"comment_status":"closed","ping_status":"closed","template":"","meta":{"footnotes":""},"class_list":["post-59","page","type-page","status-publish","has-post-thumbnail","hentry"],"_links":{"self":[{"href":"https:\/\/lasourceauxdesirs.fr\/index.php?rest_route=\/wp\/v2\/pages\/59","targetHints":{"allow":["GET"]}}],"collection":[{"href":"https:\/\/lasourceauxdesirs.fr\/index.php?rest_route=\/wp\/v2\/pages"}],"about":[{"href":"https:\/\/lasourceauxdesirs.fr\/index.php?rest_route=\/wp\/v2\/types\/page"}],"author":[{"embeddable":true,"href":"https:\/\/lasourceauxdesirs.fr\/index.php?rest_route=\/wp\/v2\/users\/1"}],"replies":[{"embeddable":true,"href":"https:\/\/lasourceauxdesirs.fr\/index.php?rest_route=%2Fwp%2Fv2%2Fcomments&post=59"}],"version-history":[{"count":50,"href":"https:\/\/lasourceauxdesirs.fr\/index.php?rest_route=\/wp\/v2\/pages\/59\/revisions"}],"predecessor-version":[{"id":555,"href":"https:\/\/lasourceauxdesirs.fr\/index.php?rest_route=\/wp\/v2\/pages\/59\/revisions\/555"}],"wp:featuredmedia":[{"embeddable":true,"href":"https:\/\/lasourceauxdesirs.fr\/index.php?rest_route=\/wp\/v2\/media\/199"}],"wp:attachment":[{"href":"https:\/\/lasourceauxdesirs.fr\/index.php?rest_route=%2Fwp%2Fv2%2Fmedia&parent=59"}],"curies":[{"name":"wp","href":"https:\/\/api.w.org\/{rel}","templated":true}]}}