{"id":259,"date":"2023-03-16T08:50:04","date_gmt":"2023-03-16T07:50:04","guid":{"rendered":"https:\/\/lasourceauxdesirs.fr\/?page_id=259"},"modified":"2024-11-06T10:23:59","modified_gmt":"2024-11-06T09:23:59","slug":"temoignages","status":"publish","type":"page","link":"https:\/\/lasourceauxdesirs.fr\/?page_id=259","title":{"rendered":"T\u00e9moignages"},"content":{"rendered":"\n<p class=\"has-text-align-center has-large-font-size\"><strong>T\u00e9moignages <\/strong><\/p>\n\n\n<div class=\"wp-block-image\">\n<figure class=\"aligncenter size-full is-resized\"><img loading=\"lazy\" decoding=\"async\" width=\"500\" height=\"500\" src=\"https:\/\/lasourceauxdesirs.fr\/wp-content\/uploads\/2024\/11\/livre-dor.jpg\" alt=\"\" class=\"wp-image-465\" style=\"width:396px;height:auto\" srcset=\"https:\/\/lasourceauxdesirs.fr\/wp-content\/uploads\/2024\/11\/livre-dor.jpg 500w, https:\/\/lasourceauxdesirs.fr\/wp-content\/uploads\/2024\/11\/livre-dor-300x300.jpg 300w, https:\/\/lasourceauxdesirs.fr\/wp-content\/uploads\/2024\/11\/livre-dor-150x150.jpg 150w\" sizes=\"auto, (max-width: 500px) 100vw, 500px\" \/><figcaption class=\"wp-element-caption\">Version 1.0.0<\/figcaption><\/figure>\n<\/div>\n\n\n<ul class=\"wp-block-social-links is-content-justification-right is-layout-flex wp-container-core-social-links-is-layout-765c4724 wp-block-social-links-is-layout-flex\"><li class=\"wp-social-link wp-social-link-google  wp-block-social-link\"><a href=\"https:\/\/www.google.com\/search?client=firefox-b-d&#038;sca_esv=aaf21fd86605b0cd&#038;sxsrf=ADLYWIKvXpWhWVWgFf8XjRRMjIqkGI8ITw:1730885006534&#038;q=la+source+aux+d%C3%A9sirs&#038;uds=ADvngMgUainhf9UovHf2CkjlqTXDbHhpqZAsZd-jr36qvL3_Yr7SNSWOcY5V6Hg_rq4GU_tc3le4Qxmez-cQn7SvzKwsYJzfvNHlIbobGJKxXGcWX_r8XxPCdne83CwoHF_iqe5C0V3Z&#038;si=ACC90nwjPmqJHrCEt6ewASzksVFQDX8zco_7MgBaIawvaF4-7s0D8bFrx36CLGAPkBoJaShT9x1xb-uyatleeuFtjqhrUxOD-T7_wsYMzRUEwsWkFF874gc%3D&#038;sa=X&#038;ved=2ahUKEwiCndiPsceJAxWZRaQEHQE1HZgQ3PALegQIFxAE&#038;biw=1056&#038;bih=468&#038;dpr=1.82\" class=\"wp-block-social-link-anchor\"><svg width=\"24\" height=\"24\" viewBox=\"0 0 24 24\" version=\"1.1\" xmlns=\"http:\/\/www.w3.org\/2000\/svg\" aria-hidden=\"true\" focusable=\"false\"><path d=\"M12.02,10.18v3.72v0.01h5.51c-0.26,1.57-1.67,4.22-5.5,4.22c-3.31,0-6.01-2.75-6.01-6.12s2.7-6.12,6.01-6.12 c1.87,0,3.13,0.8,3.85,1.48l2.84-2.76C16.99,2.99,14.73,2,12.03,2c-5.52,0-10,4.48-10,10s4.48,10,10,10c5.77,0,9.6-4.06,9.6-9.77 c0-0.83-0.11-1.42-0.25-2.05H12.02z\"><\/path><\/svg><span class=\"wp-block-social-link-label screen-reader-text\">Google<\/span><\/a><\/li><\/ul>\n\n\n\n<p class=\"has-black-color has-text-color has-medium-font-size\">G\u00e9nial Spa atypique avec ses couleurs et ce ciel. Un accueil agr\u00e9able et une disponibilit\u00e9 internet au top ( r\u00e9sa tardive). Vous avez pens\u00e9 a beaucoup de petite chose qui nous fait manquer de rien. H\u00e2te de revenir voir votre ext\u00e9rieur. Trop Sympa les biquettes. Bonne continuation. <\/p>\n\n\n\n<p class=\"has-text-align-right has-black-color has-text-color\">Herv\u00e9 et Delphine <\/p>\n\n\n\n<hr class=\"wp-block-separator has-alpha-channel-opacity\"\/>\n\n\n\n<p class=\"has-black-color has-text-color has-medium-font-size\">Tr\u00e8s bel endroit, d\u00e9cors incroyable, endroit paisible, coup\u00e9 du monde, nous avons pass\u00e9 un agr\u00e9able moment, parfait pour une soir\u00e9e en amoureux, nous le recommanderons \u00e0 100%. Bonne chance pour la suite<\/p>\n\n\n\n<p class=\"has-text-align-right has-black-color has-text-color\">Zo\u00e9 et Enzo <\/p>\n\n\n\n<hr class=\"wp-block-separator has-alpha-channel-opacity\"\/>\n\n\n\n<p class=\"has-black-color has-text-color has-medium-font-size\">Un \u00e9norme BRAVO \u00e0 vous! Tout est parfait \u00e0 tous points. Dans ce cocon tout est pens\u00e9 avec minutie et d\u00e9licatesse pour offrir un moment hors du temps. Nous recommanderons vivement! A refaire!!! <\/p>\n\n\n\n<p class=\"has-text-align-right has-black-color has-text-color\">Steph et Ced <\/p>\n\n\n\n<hr class=\"wp-block-separator has-alpha-channel-opacity\"\/>\n\n\n\n<p class=\"has-black-color has-text-color has-medium-font-size\">Une excellente soir\u00e9e de pass\u00e9e dans ce superbe d\u00e9cor tout est magnifique, le repas d\u00e9licieux ++ pour la t\u00e9l\u00e9 dans le jacuzzi. Nous recommandons \u00e0 100%. <\/p>\n\n\n\n<p class=\"has-text-align-right has-black-color has-text-color\">Morgan et Camille <\/p>\n\n\n\n<hr class=\"wp-block-separator has-alpha-channel-opacity\"\/>\n\n\n\n<p class=\"has-black-color has-text-color has-medium-font-size\">Nous avons pass\u00e9 un agr\u00e9able moment dans une belle ambiance. Nous recommandons cet endroit. <\/p>\n\n\n\n<p class=\"has-text-align-right has-black-color has-text-color\">S\u00e9verine et Fr\u00e9d\u00e9ric  <\/p>\n\n\n\n<hr class=\"wp-block-separator has-alpha-channel-opacity\"\/>\n\n\n\n<p class=\"has-black-color has-text-color has-medium-font-size\">Un tr\u00e8s bel endroit pour passer une tr\u00e8s belle soir\u00e9e et se retrouver en amoureux. D\u00e9coration et Jacuzzi au top! Je recommande \u00e0 100%. <\/p>\n\n\n\n<p class=\"has-text-align-right has-black-color has-text-color\">Justine et Alexis <\/p>\n\n\n\n<hr class=\"wp-block-separator has-alpha-channel-opacity\"\/>\n\n\n\n<p class=\"has-black-color has-text-color has-medium-font-size\">Que fut ma surprise en d\u00e9couvrant cet endroit magnifique. Un merveilleux petit cocon pour se ressourcer. La d\u00e9coration a \u00e9t\u00e9 choisir avec go\u00fbt. Merci de votre gentillesse. On h\u00e9sitera pas \u00e0 revenir. Un pur moment de d\u00e9tente dans le jacuzzi avec les bons petit chocolat. Ne changez rien. <\/p>\n\n\n\n<p class=\"has-text-align-right has-black-color has-text-color\">Elodie et Ewald <\/p>\n\n\n\n<hr class=\"wp-block-separator has-alpha-channel-opacity\"\/>\n\n\n\n<p class=\"has-black-color has-text-color has-medium-font-size\">Une belle d\u00e9couverte, un tr\u00e8s joli Spa avec une d\u00e9coration au top. Nous avons pass\u00e9 une tr\u00e8s belle soir\u00e9e en amoureux. Je recommande!!! Merci \u00e0 vous. <\/p>\n\n\n\n<p class=\"has-text-align-right has-black-color has-text-color\">J\u00e9r\u00e9my et Ana\u00eblle<\/p>\n\n\n\n<hr class=\"wp-block-separator has-alpha-channel-opacity\"\/>\n\n\n\n<p class=\"has-black-color has-text-color has-medium-font-size\">Le plaisir \u00e9tait pour nous d&rsquo;avoir eu la chance d&rsquo;inaugurer ce nouvel \u00e9tablissement! Un lieu cosy qui permet de passer un bon moment en amoureux. Un d\u00e9cor original qui change de l&rsquo;ordinaire, une literie confortable et un jacuzzi agr\u00e9able ont \u00e9t\u00e9 les points forts de notre s\u00e9jour ainsi que le repas qui f\u00fbt copieusement bon. Nous reviendrons avec plaisir \u00e0 La Source aux D\u00e9sirs en 2023!.                                    <\/p>\n\n\n\n<p class=\"has-text-align-right has-black-color has-text-color\">Juliette et Thomas<\/p>\n\n\n\n<hr class=\"wp-block-separator has-alpha-channel-opacity is-style-default\"\/>\n\n\n\n<p class=\"has-black-color has-text-color has-medium-font-size\">Une superbe soir\u00e9e d&rsquo;anniversaire! Superbe endroit d\u00e9cor\u00e9 avec beaucoup de go\u00fbt&#8230; Un magnifique ciel \u00e9toil\u00e9 qui d\u00e9payse.                                     Bravo \u00e0 Elo et Steven.                                                             <\/p>\n\n\n\n<p class=\"has-text-align-right has-black-color has-text-color\">Mario et Cat                                                       <\/p>\n\n\n\n<hr class=\"wp-block-separator has-alpha-channel-opacity\"\/>\n\n\n\n<p class=\"has-black-color has-text-color has-medium-font-size\">Une superbe d\u00e9co, un endroit tr\u00e8s romantique. Nous avons pass\u00e9 un tr\u00e8s bon moment, nous reviendrons! Nous vous souhaitons une belle r\u00e9ussite!<\/p>\n\n\n\n<p class=\"has-text-align-right has-black-color has-text-color\">Yann et Marion <\/p>\n\n\n\n<hr class=\"wp-block-separator has-alpha-channel-opacity\"\/>\n\n\n\n<p class=\"has-black-color has-text-color has-medium-font-size\">L&rsquo;endroit est magnifique et remplir de charme, la d\u00e9coration est soign\u00e9e et les prestations sont de qualit\u00e9! Nous avons pass\u00e9 un excellent moment et nous reviendrons avec plaisir! Nous ne manquerons pas de vous recommander aupr\u00e8s de nos amis! <\/p>\n\n\n\n<p class=\"has-text-align-right has-black-color has-text-color\">Alison et L\u00e9o <\/p>\n\n\n\n<hr class=\"wp-block-separator has-alpha-channel-opacity\"\/>\n\n\n\n<p class=\"has-black-color has-text-color has-medium-font-size\">Nous avons pass\u00e9 une superbe journ\u00e9e. Endroit tr\u00e8s chaleureux et tr\u00e8s bon confort. Merci <\/p>\n\n\n\n<p class=\"has-text-align-right has-black-color has-text-color\">Steph &amp; Steph <\/p>\n\n\n\n<hr class=\"wp-block-separator has-alpha-channel-opacity\"\/>\n\n\n\n<p class=\"has-black-color has-text-color has-medium-font-size\">Un endroit confort et romantique, qui nous a permis de passer une soir\u00e9e et une nuit en amoureux plus qu&rsquo;agr\u00e9able pour notre nuit de noces. Au top! <\/p>\n\n\n\n<p class=\"has-text-align-right has-black-color has-text-color\">Steeve et Cl\u00e9mence <\/p>\n\n\n\n<hr class=\"wp-block-separator has-alpha-channel-opacity\"\/>\n\n\n\n<p class=\"has-black-color has-text-color has-medium-font-size\">Superbe soir\u00e9e, nous reviendrons avec plaisir merci d&rsquo;avoir cr\u00e9e ce sublime endroit cosy. Merci et \u00e0 bient\u00f4t. Le ciel magnifique j&rsquo;adore. <\/p>\n\n\n\n<p class=\"has-text-align-right has-black-color has-text-color\">Brandon et L\u00e9a <\/p>\n\n\n\n<hr class=\"wp-block-separator has-alpha-channel-opacity\"\/>\n\n\n\n<p class=\"has-black-color has-text-color has-medium-font-size\">Tr\u00e8s belle chambre, bel endroit avec un go\u00fbt certain pour la d\u00e9coration. Merci! <\/p>\n\n\n\n<p class=\"has-text-align-right has-black-color has-text-color\">Christelle et Sylvain <\/p>\n\n\n\n<hr class=\"wp-block-separator has-alpha-channel-opacity\"\/>\n\n\n\n<p class=\"has-black-color has-text-color has-medium-font-size\">Accueil chaleureux fait par Steven. Lieu tr\u00e8s agr\u00e9able, tr\u00e8s bien d\u00e9cor\u00e9. Nous avons pu faire une pause dans ce petit coin de paradis. Merci \u00e0 vous. <\/p>\n\n\n\n<p class=\"has-text-align-right has-black-color has-text-color\">Valentin et Tiphaine<\/p>\n\n\n\n<hr class=\"wp-block-separator has-alpha-channel-opacity\"\/>\n\n\n\n<p class=\"has-black-color has-text-color has-medium-font-size\">Nous avons pass\u00e9 un agr\u00e9able moment. Endroit super romantique. Nous reviendrons avec plaisir. Bonne continuation \u00e0 vous. <\/p>\n\n\n\n<p class=\"has-text-align-right has-black-color has-text-color\">Jessica et Jean-Marc <\/p>\n\n\n\n<hr class=\"wp-block-separator has-alpha-channel-opacity\"\/>\n\n\n\n<p class=\"has-black-color has-text-color has-medium-font-size\">Gr\u00e2ce \u00e0 vous, j&rsquo;ai pass\u00e9 un bel anniversaire dans votre g\u00eete tr\u00e8s bien agenc\u00e9 avec une superbe d\u00e9co et le jacuzzi au top!!! Un grand merci! Nous vous recommanderons et reviendrons pour passer un super moment!!! <\/p>\n\n\n\n<p class=\"has-text-align-right has-black-color has-text-color\">Marine et Alexandre <\/p>\n\n\n\n<hr class=\"wp-block-separator has-alpha-channel-opacity\"\/>\n\n\n\n<p class=\"has-black-color has-text-color has-medium-font-size\">Merci pour ce moment paisible pass\u00e9 en amoureux. Lieux fort agr\u00e9able, dot\u00e9 d&rsquo;une d\u00e9co incroyable. Tout \u00e9tait g\u00e9nial (accueil, repas, spa, lit&#8230;) Encore merci pour tout. On ne manquera pas de parler de votre petit nid d&rsquo;amour. <\/p>\n\n\n\n<p class=\"has-text-align-right has-black-color has-text-color\">Yohann et Jessica <\/p>\n\n\n\n<hr class=\"wp-block-separator has-alpha-channel-opacity\"\/>\n\n\n\n<p class=\"has-black-color has-text-color has-medium-font-size\">Tr\u00e8s bel accueil fait par Elodie&#8230; Agr\u00e9able moment, d\u00e9co r\u00e9alis\u00e9e avec go\u00fbt. Repas, spa, lit au top!!! Bonne continuation \u00e0 vous deux. <\/p>\n\n\n\n<p class=\"has-text-align-right has-black-color has-text-color\">Marina et Chlo\u00e9 <\/p>\n","protected":false},"excerpt":{"rendered":"<p>T\u00e9moignages G\u00e9nial Spa atypique avec ses couleurs et ce ciel. Un accueil agr\u00e9able et une disponibilit\u00e9 internet au top ( r\u00e9sa tardive). Vous avez pens\u00e9 a beaucoup de petite chose qui nous fait manquer de rien. H\u00e2te de revenir voir votre ext\u00e9rieur. Trop Sympa les biquettes. Bonne continuation. Herv\u00e9 et Delphine Tr\u00e8s bel endroit, d\u00e9cors [&hellip;]<\/p>\n","protected":false},"author":1,"featured_media":0,"parent":0,"menu_order":0,"comment_status":"closed","ping_status":"closed","template":"","meta":{"footnotes":""},"class_list":["post-259","page","type-page","status-publish","hentry"],"_links":{"self":[{"href":"https:\/\/lasourceauxdesirs.fr\/index.php?rest_route=\/wp\/v2\/pages\/259","targetHints":{"allow":["GET"]}}],"collection":[{"href":"https:\/\/lasourceauxdesirs.fr\/index.php?rest_route=\/wp\/v2\/pages"}],"about":[{"href":"https:\/\/lasourceauxdesirs.fr\/index.php?rest_route=\/wp\/v2\/types\/page"}],"author":[{"embeddable":true,"href":"https:\/\/lasourceauxdesirs.fr\/index.php?rest_route=\/wp\/v2\/users\/1"}],"replies":[{"embeddable":true,"href":"https:\/\/lasourceauxdesirs.fr\/index.php?rest_route=%2Fwp%2Fv2%2Fcomments&post=259"}],"version-history":[{"count":14,"href":"https:\/\/lasourceauxdesirs.fr\/index.php?rest_route=\/wp\/v2\/pages\/259\/revisions"}],"predecessor-version":[{"id":511,"href":"https:\/\/lasourceauxdesirs.fr\/index.php?rest_route=\/wp\/v2\/pages\/259\/revisions\/511"}],"wp:attachment":[{"href":"https:\/\/lasourceauxdesirs.fr\/index.php?rest_route=%2Fwp%2Fv2%2Fmedia&parent=259"}],"curies":[{"name":"wp","href":"https:\/\/api.w.org\/{rel}","templated":true}]}}