{"id":19,"date":"2022-11-15T13:56:03","date_gmt":"2022-11-15T12:56:03","guid":{"rendered":"http:\/\/www.lasourceauxdesirs.fr\/?page_id=19"},"modified":"2025-01-31T15:53:34","modified_gmt":"2025-01-31T14:53:34","slug":"tarifs-et-reservation","status":"publish","type":"page","link":"https:\/\/lasourceauxdesirs.fr\/?page_id=19","title":{"rendered":"Tarifs et r\u00e9servation"},"content":{"rendered":"\n<p class=\"has-text-align-center has-black-color has-text-color has-link-color has-large-font-size wp-elements-112f5f66ea1817ed8484e4e5505589e6\"><strong>Tarifs et r\u00e9servation <\/strong><\/p>\n\n\n\n<div class=\"wp-block-media-text is-stacked-on-mobile is-image-fill-element\"><figure class=\"wp-block-media-text__media\"><img loading=\"lazy\" decoding=\"async\" width=\"1024\" height=\"575\" src=\"https:\/\/lasourceauxdesirs.fr\/wp-content\/uploads\/2022\/11\/chambre-spa-salon-sdb-1024x575.jpg\" alt=\"\" class=\"wp-image-197 size-full\" style=\"object-position:56% 64%\" srcset=\"https:\/\/lasourceauxdesirs.fr\/wp-content\/uploads\/2022\/11\/chambre-spa-salon-sdb-1024x575.jpg 1024w, https:\/\/lasourceauxdesirs.fr\/wp-content\/uploads\/2022\/11\/chambre-spa-salon-sdb-300x168.jpg 300w, https:\/\/lasourceauxdesirs.fr\/wp-content\/uploads\/2022\/11\/chambre-spa-salon-sdb-768x431.jpg 768w, https:\/\/lasourceauxdesirs.fr\/wp-content\/uploads\/2022\/11\/chambre-spa-salon-sdb-1536x862.jpg 1536w, https:\/\/lasourceauxdesirs.fr\/wp-content\/uploads\/2022\/11\/chambre-spa-salon-sdb-2048x1150.jpg 2048w, https:\/\/lasourceauxdesirs.fr\/wp-content\/uploads\/2022\/11\/chambre-spa-salon-sdb-1200x674.jpg 1200w, https:\/\/lasourceauxdesirs.fr\/wp-content\/uploads\/2022\/11\/chambre-spa-salon-sdb-1980x1112.jpg 1980w\" sizes=\"auto, (max-width: 1024px) 100vw, 1024px\" \/><\/figure><div class=\"wp-block-media-text__content\">\n<p class=\"has-text-align-center has-black-color has-text-color has-background has-link-color has-medium-font-size wp-elements-ff2e29bfd6726c8d61952d63200063dd\" style=\"background-color:#7f4bd2\"><strong>Tarifs en journ\u00e9e pour 2 personnes<\/strong><\/p>\n\n\n\n<p class=\"has-text-align-center has-black-color has-text-color has-link-color has-medium-font-size wp-elements-82c75ae37b9b6edb82f34ea0f5fdff28\">3 heures <strong>100\u20ac<\/strong><\/p>\n\n\n\n<p class=\"has-text-align-center has-black-color has-text-color has-link-color has-medium-font-size wp-elements-08ef46367654b250da164071558d8244\">4 heures <strong>120\u20ac<\/strong><\/p>\n\n\n\n<p class=\"has-text-align-center has-black-color has-text-color has-link-color has-medium-font-size wp-elements-0d9321513a5737f40ac3be22b4311bb6\">5 heures <strong>140\u20ac<\/strong><\/p>\n\n\n\n<p class=\"has-text-align-center has-black-color has-text-color has-link-color wp-elements-a1fe7aaba1b315a16de190c2784bb995\">20 \u20ac par personne suppl\u00e9mentaire 4 personnes maximum <\/p>\n<\/div><\/div>\n\n\n\n<div style=\"height:100px\" aria-hidden=\"true\" class=\"wp-block-spacer\"><\/div>\n\n\n\n<div class=\"wp-block-media-text is-stacked-on-mobile is-image-fill-element\"><figure class=\"wp-block-media-text__media\"><img loading=\"lazy\" decoding=\"async\" width=\"1024\" height=\"955\" src=\"https:\/\/lasourceauxdesirs.fr\/wp-content\/uploads\/2024\/11\/7cdd9401-135f-467b-abca-43e3707072e4-1024x955.jpg\" alt=\"\" class=\"wp-image-450 size-full\" style=\"object-position:50% 50%\" srcset=\"https:\/\/lasourceauxdesirs.fr\/wp-content\/uploads\/2024\/11\/7cdd9401-135f-467b-abca-43e3707072e4-1024x955.jpg 1024w, https:\/\/lasourceauxdesirs.fr\/wp-content\/uploads\/2024\/11\/7cdd9401-135f-467b-abca-43e3707072e4-300x280.jpg 300w, https:\/\/lasourceauxdesirs.fr\/wp-content\/uploads\/2024\/11\/7cdd9401-135f-467b-abca-43e3707072e4-768x716.jpg 768w, https:\/\/lasourceauxdesirs.fr\/wp-content\/uploads\/2024\/11\/7cdd9401-135f-467b-abca-43e3707072e4.jpg 1170w\" sizes=\"auto, (max-width: 1024px) 100vw, 1024px\" \/><\/figure><div class=\"wp-block-media-text__content\">\n<p class=\"has-text-align-center has-black-color has-text-color has-background has-link-color has-medium-font-size wp-elements-5757fb3da2682ce1e56f60c643af57e7\" style=\"background-color:#7f4bd2\"><strong>En semaine<\/strong><\/p>\n\n\n\n<p class=\"has-text-align-center has-black-color has-text-color has-link-color has-medium-font-size wp-elements-db230fefd7e3469d2be6c9bd87783931\">Tarifs pour 2 personnes <\/p>\n\n\n\n<p class=\"has-text-align-center has-black-color has-text-color has-link-color has-large-font-size wp-elements-8f727c93500ad9f5c099ca5962176fa1\"><strong>159\u20ac<\/strong> la nuit<\/p>\n\n\n\n<p class=\"has-text-align-center has-black-color has-text-color has-link-color has-medium-font-size wp-elements-f9921cc1e9f9c8c11d0f5df41c13af91\">Du lundi au jeudi <\/p>\n\n\n\n<p class=\"has-text-align-center has-black-color has-text-color has-link-color has-medium-font-size wp-elements-11e73ff2a392abe946b53558ce342af5\">Petit-d\u00e9jeuner <\/p>\n<\/div><\/div>\n\n\n\n<div style=\"height:100px\" aria-hidden=\"true\" class=\"wp-block-spacer\"><\/div>\n\n\n\n<div class=\"wp-block-media-text is-stacked-on-mobile is-image-fill-element\"><figure class=\"wp-block-media-text__media\"><img loading=\"lazy\" decoding=\"async\" width=\"1024\" height=\"398\" src=\"https:\/\/lasourceauxdesirs.fr\/wp-content\/uploads\/2022\/11\/cropped-gite-photo-principale-scaled-2-1024x398.jpg\" alt=\"\" class=\"wp-image-348 size-full\" style=\"object-position:19% 56%\" srcset=\"https:\/\/lasourceauxdesirs.fr\/wp-content\/uploads\/2022\/11\/cropped-gite-photo-principale-scaled-2-1024x398.jpg 1024w, https:\/\/lasourceauxdesirs.fr\/wp-content\/uploads\/2022\/11\/cropped-gite-photo-principale-scaled-2-300x117.jpg 300w, https:\/\/lasourceauxdesirs.fr\/wp-content\/uploads\/2022\/11\/cropped-gite-photo-principale-scaled-2-768x299.jpg 768w, https:\/\/lasourceauxdesirs.fr\/wp-content\/uploads\/2022\/11\/cropped-gite-photo-principale-scaled-2-1536x598.jpg 1536w, https:\/\/lasourceauxdesirs.fr\/wp-content\/uploads\/2022\/11\/cropped-gite-photo-principale-scaled-2.jpg 2000w\" sizes=\"auto, (max-width: 1024px) 100vw, 1024px\" \/><\/figure><div class=\"wp-block-media-text__content\">\n<p class=\"has-text-align-center has-black-color has-text-color has-background has-link-color has-medium-font-size wp-elements-c1d2e5533467ffbc2f911bb4b42af997\" style=\"background-color:#7f4bd2\"><strong>En week-end<\/strong><\/p>\n\n\n\n<p class=\"has-text-align-center has-black-color has-text-color has-link-color has-medium-font-size wp-elements-b8f305f44e3a9d591ede04ff7659a6bb\">Tarifs pour 2 personnes<\/p>\n\n\n\n<p class=\"has-text-align-center has-black-color has-text-color has-link-color has-large-font-size wp-elements-496f7ea43edd3aaf67329ef2fc73ef5e\"><strong>199\u20ac<\/strong> la nuit<\/p>\n\n\n\n<p class=\"has-text-align-center has-black-color has-text-color has-link-color has-medium-font-size wp-elements-904ac471e60f7dee5305a627518cbf1c\">Du vendredi au dimanche<\/p>\n\n\n\n<p class=\"has-text-align-center has-black-color has-text-color has-link-color has-medium-font-size wp-elements-11e73ff2a392abe946b53558ce342af5\">Petit-d\u00e9jeuner <\/p>\n<\/div><\/div>\n\n\n\n<div style=\"height:100px\" aria-hidden=\"true\" class=\"wp-block-spacer\"><\/div>\n\n\n\n<div class=\"wp-block-media-text is-stacked-on-mobile is-image-fill-element\"><figure class=\"wp-block-media-text__media\"><img loading=\"lazy\" decoding=\"async\" width=\"1024\" height=\"768\" src=\"https:\/\/lasourceauxdesirs.fr\/wp-content\/uploads\/2022\/11\/Jacuzzi-peignoirs-1024x768.jpg\" alt=\"\" class=\"wp-image-176 size-full\" style=\"object-position:21% 48%\" srcset=\"https:\/\/lasourceauxdesirs.fr\/wp-content\/uploads\/2022\/11\/Jacuzzi-peignoirs-1024x768.jpg 1024w, https:\/\/lasourceauxdesirs.fr\/wp-content\/uploads\/2022\/11\/Jacuzzi-peignoirs-300x225.jpg 300w, https:\/\/lasourceauxdesirs.fr\/wp-content\/uploads\/2022\/11\/Jacuzzi-peignoirs-768x576.jpg 768w, https:\/\/lasourceauxdesirs.fr\/wp-content\/uploads\/2022\/11\/Jacuzzi-peignoirs-1536x1152.jpg 1536w, https:\/\/lasourceauxdesirs.fr\/wp-content\/uploads\/2022\/11\/Jacuzzi-peignoirs-2048x1536.jpg 2048w, https:\/\/lasourceauxdesirs.fr\/wp-content\/uploads\/2022\/11\/Jacuzzi-peignoirs-1200x900.jpg 1200w, https:\/\/lasourceauxdesirs.fr\/wp-content\/uploads\/2022\/11\/Jacuzzi-peignoirs-1980x1485.jpg 1980w\" sizes=\"auto, (max-width: 1024px) 100vw, 1024px\" \/><\/figure><div class=\"wp-block-media-text__content\">\n<p class=\"has-text-align-center has-black-color has-text-color has-background has-link-color has-medium-font-size wp-elements-877cb61d3d1c218de2bfaa5eb4696ee3\" style=\"background-color:#7f4bd2\"><strong>En semaine avec repas traiteur<\/strong><\/p>\n\n\n\n<p class=\"has-text-align-center has-black-color has-text-color has-link-color has-medium-font-size wp-elements-b8f305f44e3a9d591ede04ff7659a6bb\">Tarifs pour 2 personnes<\/p>\n\n\n\n<p class=\"has-text-align-center has-black-color has-text-color has-link-color has-large-font-size wp-elements-24ff47c13055901ce81f264b723f9e51\"><strong>249\u20ac<\/strong> la nuit<\/p>\n\n\n\n<p class=\"has-text-align-center has-black-color has-text-color has-link-color has-medium-font-size wp-elements-f9921cc1e9f9c8c11d0f5df41c13af91\">Du lundi au jeudi <\/p>\n\n\n\n<p class=\"has-text-align-center has-black-color has-text-color has-link-color has-medium-font-size wp-elements-11e73ff2a392abe946b53558ce342af5\">Petit-d\u00e9jeuner <\/p>\n\n\n\n<p class=\"has-text-align-center has-black-color has-text-color has-link-color has-medium-font-size wp-elements-4d5c9119c7b28518fde58b2991731dbf\">repas traiteur pour 2 personnes<\/p>\n\n\n\n<p class=\"has-text-align-center has-black-color has-text-color has-link-color has-medium-font-size wp-elements-361292a275b9fd4213c7f8894487460f\">Bouteille de champagne <\/p>\n<\/div><\/div>\n\n\n\n<div style=\"height:100px\" aria-hidden=\"true\" class=\"wp-block-spacer\"><\/div>\n\n\n\n<div class=\"wp-block-media-text is-stacked-on-mobile is-image-fill-element\"><figure class=\"wp-block-media-text__media\"><img loading=\"lazy\" decoding=\"async\" width=\"1024\" height=\"768\" src=\"https:\/\/lasourceauxdesirs.fr\/wp-content\/uploads\/2024\/11\/Planche-aperitive-1-1024x768.jpg\" alt=\"\" class=\"wp-image-409 size-full\" style=\"object-position:54% 54%\" srcset=\"https:\/\/lasourceauxdesirs.fr\/wp-content\/uploads\/2024\/11\/Planche-aperitive-1-1024x768.jpg 1024w, https:\/\/lasourceauxdesirs.fr\/wp-content\/uploads\/2024\/11\/Planche-aperitive-1-300x225.jpg 300w, https:\/\/lasourceauxdesirs.fr\/wp-content\/uploads\/2024\/11\/Planche-aperitive-1-768x576.jpg 768w, https:\/\/lasourceauxdesirs.fr\/wp-content\/uploads\/2024\/11\/Planche-aperitive-1-1536x1152.jpg 1536w, https:\/\/lasourceauxdesirs.fr\/wp-content\/uploads\/2024\/11\/Planche-aperitive-1-2048x1536.jpg 2048w\" sizes=\"auto, (max-width: 1024px) 100vw, 1024px\" \/><\/figure><div class=\"wp-block-media-text__content\">\n<p class=\"has-text-align-center has-black-color has-text-color has-background has-link-color has-medium-font-size wp-elements-1050be459a6c900d4d1b936c571a859a\" style=\"background-color:#7f4bd2\"><strong>Le week-end avec repas traiteur<\/strong><\/p>\n\n\n\n<p class=\"has-text-align-center has-black-color has-text-color has-link-color has-medium-font-size wp-elements-0b571d5d8e85ac4662c785075cfa6456\">Tarif pour 2 personnes<\/p>\n\n\n\n<p class=\"has-text-align-center has-black-color has-text-color has-link-color has-large-font-size wp-elements-42d07807e8acc7b7b262669635cdab3b\"><strong>289 \u20ac<\/strong> la nuit<\/p>\n\n\n\n<p class=\"has-text-align-center has-black-color has-text-color has-link-color has-medium-font-size wp-elements-904ac471e60f7dee5305a627518cbf1c\">Du vendredi au dimanche<\/p>\n\n\n\n<p class=\"has-text-align-center has-black-color has-text-color has-link-color has-medium-font-size wp-elements-c5ca43978f4ad3cc8a501980a6b9500a\">Petit-d\u00e9jeuner<\/p>\n\n\n\n<p class=\"has-text-align-center has-black-color has-text-color has-link-color has-medium-font-size wp-elements-3d0d43a4cad788f5e98527a983629aee\">Repas traiteur pour 2 personnes<\/p>\n\n\n\n<p class=\"has-text-align-center has-black-color has-text-color has-link-color has-medium-font-size wp-elements-361292a275b9fd4213c7f8894487460f\">Bouteille de champagne <\/p>\n<\/div><\/div>\n\n\n\n<div style=\"height:100px\" aria-hidden=\"true\" class=\"wp-block-spacer\"><\/div>\n\n\n\n<p class=\"has-black-color has-text-color has-link-color has-medium-font-size wp-elements-974db7229bfd1b8b6d70a60e50e330f2\">Tarifs sp\u00e9ciaux jours f\u00e9ri\u00e9s et f\u00eates <\/p>\n\n\n\n<p class=\"has-black-color has-text-color has-link-color has-medium-font-size wp-elements-ad320385cdb39887884ec79c6feb81d8\">Informations pratiques:<\/p>\n\n\n\n<ul class=\"wp-block-list has-medium-font-size\">\n<li class=\"has-black-color has-text-color has-link-color wp-elements-ad1ded2fd8ce32372ed45f0767b123a0\">Les arriv\u00e9es se font \u00e0 partir de 17h30 et les d\u00e9parts avant 11h00 le lendemain. <\/li>\n\n\n\n<li class=\"has-black-color has-text-color has-link-color wp-elements-3d1a07707674df8e0521f6a81dafa32e\">Nous pr\u00e9venir de votre heure d&rsquo;arriv\u00e9e<\/li>\n\n\n\n<li class=\"has-black-color has-text-color has-link-color wp-elements-8715d913809c57b1c0f3634ce380bfe2\">Possibilit\u00e9 d&rsquo;\u00eatre accueillit selon nos disponibilit\u00e9s ou arriv\u00e9e en toute autonomie<\/li>\n\n\n\n<li class=\"has-black-color has-text-color has-link-color wp-elements-80fcfc0182b97ad8e98a7dfc054897e4\">Frais d&rsquo;annulation 50 \u20ac<\/li>\n\n\n\n<li class=\"has-black-color has-text-color has-link-color wp-elements-eb065c5e02fa682dadf7512d6bc6da4e\">Il est interdit de fumer dans les lieux<\/li>\n<\/ul>\n\n\n\n<div style=\"height:100px\" aria-hidden=\"true\" class=\"wp-block-spacer\"><\/div>\n\n\n\n<p class=\"has-black-color has-text-color has-link-color has-medium-font-size wp-elements-7293ae341a01f77d4a53323dfac497a6\">Informations et r\u00e9servation au 06\/50\/49\/67\/78, sur la page Facebook la source aux d\u00e9sirs spa ou par e-mail steven-wepierre@hotmail.fr<\/p>\n\n\n\n<ul class=\"wp-block-social-links alignright is-layout-flex wp-block-social-links-is-layout-flex\"><li class=\"wp-social-link wp-social-link-google  wp-block-social-link\"><a href=\"https:\/\/www.google.com\/search?client=firefox-b-d&#038;q=la+source+aux+d%C3%A9sirs\" class=\"wp-block-social-link-anchor\"><svg width=\"24\" height=\"24\" viewBox=\"0 0 24 24\" version=\"1.1\" xmlns=\"http:\/\/www.w3.org\/2000\/svg\" aria-hidden=\"true\" focusable=\"false\"><path d=\"M12.02,10.18v3.72v0.01h5.51c-0.26,1.57-1.67,4.22-5.5,4.22c-3.31,0-6.01-2.75-6.01-6.12s2.7-6.12,6.01-6.12 c1.87,0,3.13,0.8,3.85,1.48l2.84-2.76C16.99,2.99,14.73,2,12.03,2c-5.52,0-10,4.48-10,10s4.48,10,10,10c5.77,0,9.6-4.06,9.6-9.77 c0-0.83-0.11-1.42-0.25-2.05H12.02z\"><\/path><\/svg><span class=\"wp-block-social-link-label screen-reader-text\">Google<\/span><\/a><\/li>\n\n<li class=\"wp-social-link wp-social-link-facebook  wp-block-social-link\"><a href=\"https:\/\/www.facebook.com\/profile.php?id=100086205645009\" class=\"wp-block-social-link-anchor\"><svg width=\"24\" height=\"24\" viewBox=\"0 0 24 24\" version=\"1.1\" xmlns=\"http:\/\/www.w3.org\/2000\/svg\" aria-hidden=\"true\" focusable=\"false\"><path d=\"M12 2C6.5 2 2 6.5 2 12c0 5 3.7 9.1 8.4 9.9v-7H7.9V12h2.5V9.8c0-2.5 1.5-3.9 3.8-3.9 1.1 0 2.2.2 2.2.2v2.5h-1.3c-1.2 0-1.6.8-1.6 1.6V12h2.8l-.4 2.9h-2.3v7C18.3 21.1 22 17 22 12c0-5.5-4.5-10-10-10z\"><\/path><\/svg><span class=\"wp-block-social-link-label screen-reader-text\">Facebook<\/span><\/a><\/li>\n\n<li class=\"wp-social-link wp-social-link-mail  wp-block-social-link\"><a href=\"mailto:&#115;tev&#101;&#110;-&#119;e&#112;i&#101;&#114;re&#064;&#104;ot&#109;a&#105;l&#046;&#102;r\" class=\"wp-block-social-link-anchor\"><svg width=\"24\" height=\"24\" viewBox=\"0 0 24 24\" version=\"1.1\" xmlns=\"http:\/\/www.w3.org\/2000\/svg\" aria-hidden=\"true\" focusable=\"false\"><path d=\"M19,5H5c-1.1,0-2,.9-2,2v10c0,1.1.9,2,2,2h14c1.1,0,2-.9,2-2V7c0-1.1-.9-2-2-2zm.5,12c0,.3-.2.5-.5.5H5c-.3,0-.5-.2-.5-.5V9.8l7.5,5.6,7.5-5.6V17zm0-9.1L12,13.6,4.5,7.9V7c0-.3.2-.5.5-.5h14c.3,0,.5.2.5.5v.9z\"><\/path><\/svg><span class=\"wp-block-social-link-label screen-reader-text\">E-mail<\/span><\/a><\/li><\/ul>\n\n\n","protected":false},"excerpt":{"rendered":"<p>Tarifs et r\u00e9servation Tarifs en journ\u00e9e pour 2 personnes 3 heures 100\u20ac 4 heures 120\u20ac 5 heures 140\u20ac 20 \u20ac par personne suppl\u00e9mentaire 4 personnes maximum En semaine Tarifs pour 2 personnes 159\u20ac la nuit Du lundi au jeudi Petit-d\u00e9jeuner En week-end Tarifs pour 2 personnes 199\u20ac la nuit Du vendredi au dimanche Petit-d\u00e9jeuner En [&hellip;]<\/p>\n","protected":false},"author":1,"featured_media":201,"parent":0,"menu_order":0,"comment_status":"closed","ping_status":"closed","template":"","meta":{"footnotes":""},"class_list":["post-19","page","type-page","status-publish","has-post-thumbnail","hentry"],"_links":{"self":[{"href":"https:\/\/lasourceauxdesirs.fr\/index.php?rest_route=\/wp\/v2\/pages\/19","targetHints":{"allow":["GET"]}}],"collection":[{"href":"https:\/\/lasourceauxdesirs.fr\/index.php?rest_route=\/wp\/v2\/pages"}],"about":[{"href":"https:\/\/lasourceauxdesirs.fr\/index.php?rest_route=\/wp\/v2\/types\/page"}],"author":[{"embeddable":true,"href":"https:\/\/lasourceauxdesirs.fr\/index.php?rest_route=\/wp\/v2\/users\/1"}],"replies":[{"embeddable":true,"href":"https:\/\/lasourceauxdesirs.fr\/index.php?rest_route=%2Fwp%2Fv2%2Fcomments&post=19"}],"version-history":[{"count":48,"href":"https:\/\/lasourceauxdesirs.fr\/index.php?rest_route=\/wp\/v2\/pages\/19\/revisions"}],"predecessor-version":[{"id":550,"href":"https:\/\/lasourceauxdesirs.fr\/index.php?rest_route=\/wp\/v2\/pages\/19\/revisions\/550"}],"wp:featuredmedia":[{"embeddable":true,"href":"https:\/\/lasourceauxdesirs.fr\/index.php?rest_route=\/wp\/v2\/media\/201"}],"wp:attachment":[{"href":"https:\/\/lasourceauxdesirs.fr\/index.php?rest_route=%2Fwp%2Fv2%2Fmedia&parent=19"}],"curies":[{"name":"wp","href":"https:\/\/api.w.org\/{rel}","templated":true}]}}