{"id":14,"date":"2022-11-15T13:41:31","date_gmt":"2022-11-15T12:41:31","guid":{"rendered":"http:\/\/www.lasourceauxdesirs.fr\/?page_id=14"},"modified":"2025-01-31T15:48:03","modified_gmt":"2025-01-31T14:48:03","slug":"les-services","status":"publish","type":"page","link":"https:\/\/lasourceauxdesirs.fr\/?page_id=14","title":{"rendered":"Les services"},"content":{"rendered":"\n<p class=\"has-text-align-center has-black-color has-text-color has-link-color has-large-font-size wp-elements-58d28db2efefd2315674269ec9c0f7d9\"><strong>Les services <\/strong><\/p>\n\n\n\n<div style=\"height:100px\" aria-hidden=\"true\" class=\"wp-block-spacer\"><\/div>\n\n\n\n<p class=\"has-text-align-center has-black-color has-text-color has-medium-font-size\">Le petit d\u00e9jeuner est inclus dans la prestation<\/p>\n\n\n\n<p class=\"has-text-align-center has-black-color has-text-color has-medium-font-size\">Nous proposons quelques services suppl\u00e9mentaires qui permettront d&rsquo;agr\u00e9menter votre s\u00e9jour afin qu&rsquo;il soit inoubliable*. <\/p>\n\n\n\n<div style=\"height:100px\" aria-hidden=\"true\" class=\"wp-block-spacer\"><\/div>\n\n\n\n<div class=\"wp-block-columns is-layout-flex wp-container-core-columns-is-layout-9d6595d7 wp-block-columns-is-layout-flex\">\n<div class=\"wp-block-column is-layout-flow wp-block-column-is-layout-flow\" style=\"flex-basis:100%\">\n<div class=\"wp-block-group\"><div class=\"wp-block-group__inner-container is-layout-constrained wp-block-group-is-layout-constrained\">\n<div class=\"wp-block-columns is-layout-flex wp-container-core-columns-is-layout-9d6595d7 wp-block-columns-is-layout-flex\">\n<div class=\"wp-block-column is-layout-flow wp-block-column-is-layout-flow\" style=\"flex-basis:100%\">\n<div class=\"wp-block-group is-layout-grid wp-container-core-group-is-layout-9649a0d9 wp-block-group-is-layout-grid\">\n<figure class=\"wp-block-gallery has-nested-images columns-default is-cropped wp-block-gallery-1 is-layout-flex wp-block-gallery-is-layout-flex\">\n<figure class=\"wp-block-image size-large is-style-default\"><img loading=\"lazy\" decoding=\"async\" width=\"1024\" height=\"768\" data-id=\"427\" src=\"https:\/\/lasourceauxdesirs.fr\/wp-content\/uploads\/2024\/11\/9c939eb2-da6d-4b7d-b4f3-96a6a4c3af72-2-1024x768.jpg\" alt=\"\" class=\"wp-image-427\" srcset=\"https:\/\/lasourceauxdesirs.fr\/wp-content\/uploads\/2024\/11\/9c939eb2-da6d-4b7d-b4f3-96a6a4c3af72-2-1024x768.jpg 1024w, https:\/\/lasourceauxdesirs.fr\/wp-content\/uploads\/2024\/11\/9c939eb2-da6d-4b7d-b4f3-96a6a4c3af72-2-300x225.jpg 300w, https:\/\/lasourceauxdesirs.fr\/wp-content\/uploads\/2024\/11\/9c939eb2-da6d-4b7d-b4f3-96a6a4c3af72-2-768x576.jpg 768w, https:\/\/lasourceauxdesirs.fr\/wp-content\/uploads\/2024\/11\/9c939eb2-da6d-4b7d-b4f3-96a6a4c3af72-2-1536x1152.jpg 1536w, https:\/\/lasourceauxdesirs.fr\/wp-content\/uploads\/2024\/11\/9c939eb2-da6d-4b7d-b4f3-96a6a4c3af72-2-2048x1536.jpg 2048w\" sizes=\"auto, (max-width: 1024px) 100vw, 1024px\" \/><\/figure>\n<\/figure>\n\n\n\n<figure class=\"wp-block-image size-large\"><img loading=\"lazy\" decoding=\"async\" width=\"768\" height=\"1024\" src=\"https:\/\/lasourceauxdesirs.fr\/wp-content\/uploads\/2024\/11\/179ff7b1-3e33-4a9c-a258-6e8d26df492b-768x1024.jpg\" alt=\"\" class=\"wp-image-414\" srcset=\"https:\/\/lasourceauxdesirs.fr\/wp-content\/uploads\/2024\/11\/179ff7b1-3e33-4a9c-a258-6e8d26df492b-768x1024.jpg 768w, https:\/\/lasourceauxdesirs.fr\/wp-content\/uploads\/2024\/11\/179ff7b1-3e33-4a9c-a258-6e8d26df492b-225x300.jpg 225w, https:\/\/lasourceauxdesirs.fr\/wp-content\/uploads\/2024\/11\/179ff7b1-3e33-4a9c-a258-6e8d26df492b-1152x1536.jpg 1152w, https:\/\/lasourceauxdesirs.fr\/wp-content\/uploads\/2024\/11\/179ff7b1-3e33-4a9c-a258-6e8d26df492b-1536x2048.jpg 1536w, https:\/\/lasourceauxdesirs.fr\/wp-content\/uploads\/2024\/11\/179ff7b1-3e33-4a9c-a258-6e8d26df492b-scaled.jpg 1920w\" sizes=\"auto, (max-width: 768px) 100vw, 768px\" \/><\/figure>\n\n\n\n<figure class=\"wp-block-image size-large\"><img loading=\"lazy\" decoding=\"async\" width=\"768\" height=\"1024\" src=\"https:\/\/lasourceauxdesirs.fr\/wp-content\/uploads\/2024\/11\/98272536-f1d6-4f26-b7c5-8cd69dc3f3b2-2-768x1024.jpg\" alt=\"\" class=\"wp-image-433\" srcset=\"https:\/\/lasourceauxdesirs.fr\/wp-content\/uploads\/2024\/11\/98272536-f1d6-4f26-b7c5-8cd69dc3f3b2-2-768x1024.jpg 768w, https:\/\/lasourceauxdesirs.fr\/wp-content\/uploads\/2024\/11\/98272536-f1d6-4f26-b7c5-8cd69dc3f3b2-2-225x300.jpg 225w, https:\/\/lasourceauxdesirs.fr\/wp-content\/uploads\/2024\/11\/98272536-f1d6-4f26-b7c5-8cd69dc3f3b2-2-1152x1536.jpg 1152w, https:\/\/lasourceauxdesirs.fr\/wp-content\/uploads\/2024\/11\/98272536-f1d6-4f26-b7c5-8cd69dc3f3b2-2-1536x2048.jpg 1536w, https:\/\/lasourceauxdesirs.fr\/wp-content\/uploads\/2024\/11\/98272536-f1d6-4f26-b7c5-8cd69dc3f3b2-2-scaled.jpg 1920w\" sizes=\"auto, (max-width: 768px) 100vw, 768px\" \/><\/figure>\n\n\n\n<figure class=\"wp-block-image size-large\"><img loading=\"lazy\" decoding=\"async\" width=\"768\" height=\"1024\" src=\"https:\/\/lasourceauxdesirs.fr\/wp-content\/uploads\/2024\/11\/dfe400c4-c97e-4c45-90be-2263dca69e52-2-768x1024.jpg\" alt=\"\" class=\"wp-image-434\" srcset=\"https:\/\/lasourceauxdesirs.fr\/wp-content\/uploads\/2024\/11\/dfe400c4-c97e-4c45-90be-2263dca69e52-2-768x1024.jpg 768w, https:\/\/lasourceauxdesirs.fr\/wp-content\/uploads\/2024\/11\/dfe400c4-c97e-4c45-90be-2263dca69e52-2-225x300.jpg 225w, https:\/\/lasourceauxdesirs.fr\/wp-content\/uploads\/2024\/11\/dfe400c4-c97e-4c45-90be-2263dca69e52-2-1152x1536.jpg 1152w, https:\/\/lasourceauxdesirs.fr\/wp-content\/uploads\/2024\/11\/dfe400c4-c97e-4c45-90be-2263dca69e52-2-1536x2048.jpg 1536w, https:\/\/lasourceauxdesirs.fr\/wp-content\/uploads\/2024\/11\/dfe400c4-c97e-4c45-90be-2263dca69e52-2-scaled.jpg 1920w\" sizes=\"auto, (max-width: 768px) 100vw, 768px\" \/><\/figure>\n\n\n\n<figure class=\"wp-block-image size-large\"><img loading=\"lazy\" decoding=\"async\" width=\"768\" height=\"1024\" src=\"https:\/\/lasourceauxdesirs.fr\/wp-content\/uploads\/2024\/11\/d92701ce-bf3f-4856-9250-399b1f4e310f-1-768x1024.jpg\" alt=\"\" class=\"wp-image-421\" srcset=\"https:\/\/lasourceauxdesirs.fr\/wp-content\/uploads\/2024\/11\/d92701ce-bf3f-4856-9250-399b1f4e310f-1-768x1024.jpg 768w, https:\/\/lasourceauxdesirs.fr\/wp-content\/uploads\/2024\/11\/d92701ce-bf3f-4856-9250-399b1f4e310f-1-225x300.jpg 225w, https:\/\/lasourceauxdesirs.fr\/wp-content\/uploads\/2024\/11\/d92701ce-bf3f-4856-9250-399b1f4e310f-1-1152x1536.jpg 1152w, https:\/\/lasourceauxdesirs.fr\/wp-content\/uploads\/2024\/11\/d92701ce-bf3f-4856-9250-399b1f4e310f-1-1536x2048.jpg 1536w, https:\/\/lasourceauxdesirs.fr\/wp-content\/uploads\/2024\/11\/d92701ce-bf3f-4856-9250-399b1f4e310f-1-scaled.jpg 1920w\" sizes=\"auto, (max-width: 768px) 100vw, 768px\" \/><\/figure>\n\n\n\n<figure class=\"wp-block-image size-large wp-container-content-69bc4bdf\"><img loading=\"lazy\" decoding=\"async\" width=\"920\" height=\"1024\" src=\"https:\/\/lasourceauxdesirs.fr\/wp-content\/uploads\/2024\/11\/dessert-920x1024.jpg\" alt=\"\" class=\"wp-image-423\" srcset=\"https:\/\/lasourceauxdesirs.fr\/wp-content\/uploads\/2024\/11\/dessert-920x1024.jpg 920w, https:\/\/lasourceauxdesirs.fr\/wp-content\/uploads\/2024\/11\/dessert-270x300.jpg 270w, https:\/\/lasourceauxdesirs.fr\/wp-content\/uploads\/2024\/11\/dessert-768x855.jpg 768w, https:\/\/lasourceauxdesirs.fr\/wp-content\/uploads\/2024\/11\/dessert.jpg 1294w\" sizes=\"auto, (max-width: 920px) 100vw, 920px\" \/><\/figure>\n<\/div>\n<\/div>\n<\/div>\n<\/div><\/div>\n<\/div>\n<\/div>\n\n\n\n<p class=\"has-text-align-center has-black-color has-text-color has-medium-font-size\">&#8211; Repas traiteur <\/p>\n\n\n\n<figure class=\"wp-block-image size-large is-resized is-style-rounded\"><img loading=\"lazy\" decoding=\"async\" width=\"1024\" height=\"768\" src=\"https:\/\/lasourceauxdesirs.fr\/wp-content\/uploads\/2024\/11\/Planche-aperitive-1-1024x768.jpg\" alt=\"\" class=\"wp-image-409\" style=\"width:850px\" srcset=\"https:\/\/lasourceauxdesirs.fr\/wp-content\/uploads\/2024\/11\/Planche-aperitive-1-1024x768.jpg 1024w, https:\/\/lasourceauxdesirs.fr\/wp-content\/uploads\/2024\/11\/Planche-aperitive-1-300x225.jpg 300w, https:\/\/lasourceauxdesirs.fr\/wp-content\/uploads\/2024\/11\/Planche-aperitive-1-768x576.jpg 768w, https:\/\/lasourceauxdesirs.fr\/wp-content\/uploads\/2024\/11\/Planche-aperitive-1-1536x1152.jpg 1536w, https:\/\/lasourceauxdesirs.fr\/wp-content\/uploads\/2024\/11\/Planche-aperitive-1-2048x1536.jpg 2048w\" sizes=\"auto, (max-width: 1024px) 100vw, 1024px\" \/><\/figure>\n\n\n\n<p class=\"has-text-align-center has-black-color has-text-color has-medium-font-size\">Planche ap\u00e9ritive 40\u20ac<\/p>\n\n\n\n<div style=\"height:100px\" aria-hidden=\"true\" class=\"wp-block-spacer\"><\/div>\n\n\n\n<figure class=\"wp-block-image size-large is-style-rounded\"><img loading=\"lazy\" decoding=\"async\" width=\"1024\" height=\"768\" src=\"https:\/\/lasourceauxdesirs.fr\/wp-content\/uploads\/2024\/11\/gite-option-romantique-1024x768.jpg\" alt=\"\" class=\"wp-image-407\" srcset=\"https:\/\/lasourceauxdesirs.fr\/wp-content\/uploads\/2024\/11\/gite-option-romantique-1024x768.jpg 1024w, https:\/\/lasourceauxdesirs.fr\/wp-content\/uploads\/2024\/11\/gite-option-romantique-300x225.jpg 300w, https:\/\/lasourceauxdesirs.fr\/wp-content\/uploads\/2024\/11\/gite-option-romantique-768x576.jpg 768w, https:\/\/lasourceauxdesirs.fr\/wp-content\/uploads\/2024\/11\/gite-option-romantique-1536x1152.jpg 1536w, https:\/\/lasourceauxdesirs.fr\/wp-content\/uploads\/2024\/11\/gite-option-romantique-2048x1536.jpg 2048w\" sizes=\"auto, (max-width: 1024px) 100vw, 1024px\" \/><\/figure>\n\n\n\n<p class=\"has-text-align-center has-black-color has-text-color has-medium-font-size\">Prestation romantique: bouquet de rose, p\u00e9tales de roses et bougies 50\u20ac<\/p>\n\n\n\n<div style=\"height:100px\" aria-hidden=\"true\" class=\"wp-block-spacer\"><\/div>\n\n\n<div class=\"wp-block-image is-style-rounded\">\n<figure class=\"aligncenter size-large is-resized\"><img loading=\"lazy\" decoding=\"async\" width=\"768\" height=\"1024\" src=\"https:\/\/lasourceauxdesirs.fr\/wp-content\/uploads\/2024\/11\/Masseuses-768x1024.jpg\" alt=\"\" class=\"wp-image-408\" style=\"object-fit:cover;width:850px;height:550px\" srcset=\"https:\/\/lasourceauxdesirs.fr\/wp-content\/uploads\/2024\/11\/Masseuses-768x1024.jpg 768w, https:\/\/lasourceauxdesirs.fr\/wp-content\/uploads\/2024\/11\/Masseuses-225x300.jpg 225w, https:\/\/lasourceauxdesirs.fr\/wp-content\/uploads\/2024\/11\/Masseuses-1152x1536.jpg 1152w, https:\/\/lasourceauxdesirs.fr\/wp-content\/uploads\/2024\/11\/Masseuses.jpg 1536w\" sizes=\"auto, (max-width: 768px) 100vw, 768px\" \/><\/figure>\n<\/div>\n\n\n<p class=\"has-text-align-center has-black-color has-text-color has-medium-font-size\">-Massage Duo 60 minutes                                                                     130\u20ac<\/p>\n\n\n\n<p class=\"has-text-align-center has-black-color has-text-color has-medium-font-size\">-Massage 1 personne 60 minutes                                                            65\u20ac<\/p>\n\n\n\n<div style=\"height:100px\" aria-hidden=\"true\" class=\"wp-block-spacer\"><\/div>\n\n\n\n<p class=\"has-black-color has-text-color has-medium-font-size\">Nos esth\u00e9ticiennes proposent diff\u00e9rents massages:<\/p>\n\n\n\n<p class=\"has-black-color has-text-color has-medium-font-size\"><strong>Lomi-lomi:<\/strong> appel\u00e9 aussi massage Hawa\u00efen, relaxant et revitalisant. Les pressions avec les avant-bras font penser \u00e0 des vagues douces qui se d\u00e9placent sur le corps. Stimule l&rsquo;organisme et lib\u00e8re les \u00e9motions, rel\u00e2ches les tensions restaure un \u00e9tat g\u00e9n\u00e9ral de bien \u00eatre. <\/p>\n\n\n\n<p class=\"has-black-color has-text-color has-medium-font-size\"><strong>Massage Californien:<\/strong> Il permet de se relaxer profond\u00e9ment et d&rsquo;apaiser les tension li\u00e9es au stress et au quotidien et favorise l&rsquo;\u00e9panouissement psychologique. Il am\u00e9liore la circulation sanguine et lymphatique. <\/p>\n\n\n\n<p class=\"has-black-color has-text-color has-medium-font-size\"><strong>Bougie:<\/strong> \u00e0 l&rsquo;huile de la bougie chauff\u00e9 \u00e0 la temp\u00e9rature du corps, laisse une peau douce et velout\u00e9e. Il r\u00e9\u00e9quilibre l&rsquo;\u00e9nergie et l&rsquo;humeur, sensation de pl\u00e9nitude totale. <\/p>\n\n\n\n<p class=\"has-black-color has-text-color has-medium-font-size\"><strong>Femme enceinte:<\/strong> \u00e0 partir de 4 mois de grossesse. Permet \u00e0 la maman de se d\u00e9tendre, soulager les douleurs dorsales et du cou, r\u00e9duit les crampes, r\u00e9duit les gonflement des mains et pieds. Permet de lutter contre les g\u00eanes physiques et \u00e9motives survenant pendant la grossesse. <\/p>\n\n\n\n<hr class=\"wp-block-separator has-alpha-channel-opacity\"\/>\n\n\n\n<p class=\"has-black-color has-text-color has-small-font-size\">*Les services suppl\u00e9mentaires sont \u00e0 r\u00e9server minimum 2 semaines \u00e0 l&rsquo;avance.<\/p>\n\n\n\n<p class=\"has-black-color has-text-color has-small-font-size\">Nous \u00e9tudions \u00e9galement toutes demandes qui permettront de personnaliser votre s\u00e9jour \u00e0 la Source aux D\u00e9sirs.<\/p>\n\n\n<div class=\"wp-block-image\">\n<figure class=\"aligncenter size-large\"><img loading=\"lazy\" decoding=\"async\" width=\"724\" height=\"1024\" src=\"https:\/\/lasourceauxdesirs.fr\/wp-content\/uploads\/2024\/05\/Menu1-724x1024.jpg\" alt=\"\" class=\"wp-image-325\" srcset=\"https:\/\/lasourceauxdesirs.fr\/wp-content\/uploads\/2024\/05\/Menu1-724x1024.jpg 724w, https:\/\/lasourceauxdesirs.fr\/wp-content\/uploads\/2024\/05\/Menu1-212x300.jpg 212w, https:\/\/lasourceauxdesirs.fr\/wp-content\/uploads\/2024\/05\/Menu1-768x1086.jpg 768w, https:\/\/lasourceauxdesirs.fr\/wp-content\/uploads\/2024\/05\/Menu1-1086x1536.jpg 1086w, https:\/\/lasourceauxdesirs.fr\/wp-content\/uploads\/2024\/05\/Menu1-1200x1697.jpg 1200w, https:\/\/lasourceauxdesirs.fr\/wp-content\/uploads\/2024\/05\/Menu1.jpg 1414w\" sizes=\"auto, (max-width: 724px) 100vw, 724px\" \/><\/figure>\n<\/div>\n\n\n<p class=\"has-text-align-center has-black-color has-text-color has-large-font-size\">Boissons disponibles: bouteille d&rsquo;eau 0,50cl\/canette de soda 1\u20ac\/2\u20ac<\/p>\n\n\n\n<p><\/p>\n","protected":false},"excerpt":{"rendered":"<p>Les services Le petit d\u00e9jeuner est inclus dans la prestation Nous proposons quelques services suppl\u00e9mentaires qui permettront d&rsquo;agr\u00e9menter votre s\u00e9jour afin qu&rsquo;il soit inoubliable*. &#8211; Repas traiteur Planche ap\u00e9ritive 40\u20ac Prestation romantique: bouquet de rose, p\u00e9tales de roses et bougies 50\u20ac -Massage Duo 60 minutes 130\u20ac -Massage 1 personne 60 minutes 65\u20ac Nos esth\u00e9ticiennes proposent [&hellip;]<\/p>\n","protected":false},"author":1,"featured_media":200,"parent":0,"menu_order":0,"comment_status":"closed","ping_status":"closed","template":"","meta":{"footnotes":""},"class_list":["post-14","page","type-page","status-publish","has-post-thumbnail","hentry"],"_links":{"self":[{"href":"https:\/\/lasourceauxdesirs.fr\/index.php?rest_route=\/wp\/v2\/pages\/14","targetHints":{"allow":["GET"]}}],"collection":[{"href":"https:\/\/lasourceauxdesirs.fr\/index.php?rest_route=\/wp\/v2\/pages"}],"about":[{"href":"https:\/\/lasourceauxdesirs.fr\/index.php?rest_route=\/wp\/v2\/types\/page"}],"author":[{"embeddable":true,"href":"https:\/\/lasourceauxdesirs.fr\/index.php?rest_route=\/wp\/v2\/users\/1"}],"replies":[{"embeddable":true,"href":"https:\/\/lasourceauxdesirs.fr\/index.php?rest_route=%2Fwp%2Fv2%2Fcomments&post=14"}],"version-history":[{"count":46,"href":"https:\/\/lasourceauxdesirs.fr\/index.php?rest_route=\/wp\/v2\/pages\/14\/revisions"}],"predecessor-version":[{"id":546,"href":"https:\/\/lasourceauxdesirs.fr\/index.php?rest_route=\/wp\/v2\/pages\/14\/revisions\/546"}],"wp:featuredmedia":[{"embeddable":true,"href":"https:\/\/lasourceauxdesirs.fr\/index.php?rest_route=\/wp\/v2\/media\/200"}],"wp:attachment":[{"href":"https:\/\/lasourceauxdesirs.fr\/index.php?rest_route=%2Fwp%2Fv2%2Fmedia&parent=14"}],"curies":[{"name":"wp","href":"https:\/\/api.w.org\/{rel}","templated":true}]}}