{"id":12,"date":"2022-11-15T13:41:18","date_gmt":"2022-11-15T12:41:18","guid":{"rendered":"http:\/\/www.lasourceauxdesirs.fr\/?page_id=12"},"modified":"2025-01-31T15:47:22","modified_gmt":"2025-01-31T14:47:22","slug":"le-gite","status":"publish","type":"page","link":"https:\/\/lasourceauxdesirs.fr\/?page_id=12","title":{"rendered":"Le g\u00eete"},"content":{"rendered":"\n<p class=\"has-text-align-center has-black-color has-text-color has-x-large-font-size\"><strong>Le g\u00eete<\/strong> <\/p>\n\n\n\n<div style=\"height:100px\" aria-hidden=\"true\" class=\"wp-block-spacer\"><\/div>\n\n\n\n<figure class=\"wp-block-image size-large is-style-rounded\"><img loading=\"lazy\" decoding=\"async\" width=\"1024\" height=\"768\" src=\"https:\/\/lasourceauxdesirs.fr\/wp-content\/uploads\/2022\/11\/gite-lit-cuisine-salle-de-bain-1024x768.jpg\" alt=\"\" class=\"wp-image-178\" srcset=\"https:\/\/lasourceauxdesirs.fr\/wp-content\/uploads\/2022\/11\/gite-lit-cuisine-salle-de-bain-1024x768.jpg 1024w, https:\/\/lasourceauxdesirs.fr\/wp-content\/uploads\/2022\/11\/gite-lit-cuisine-salle-de-bain-300x225.jpg 300w, https:\/\/lasourceauxdesirs.fr\/wp-content\/uploads\/2022\/11\/gite-lit-cuisine-salle-de-bain-768x576.jpg 768w, https:\/\/lasourceauxdesirs.fr\/wp-content\/uploads\/2022\/11\/gite-lit-cuisine-salle-de-bain-1536x1152.jpg 1536w, https:\/\/lasourceauxdesirs.fr\/wp-content\/uploads\/2022\/11\/gite-lit-cuisine-salle-de-bain-2048x1536.jpg 2048w, https:\/\/lasourceauxdesirs.fr\/wp-content\/uploads\/2022\/11\/gite-lit-cuisine-salle-de-bain-1200x900.jpg 1200w, https:\/\/lasourceauxdesirs.fr\/wp-content\/uploads\/2022\/11\/gite-lit-cuisine-salle-de-bain-1980x1485.jpg 1980w\" sizes=\"auto, (max-width: 1024px) 100vw, 1024px\" \/><\/figure>\n\n\n\n<p class=\"has-text-align-center has-black-color has-text-color has-link-color has-medium-font-size wp-elements-4fb1b97ef586e4433e9bb14beb64e032\">Un coin chambre avec lit Queen Size<\/p>\n\n\n\n<div style=\"height:100px\" aria-hidden=\"true\" class=\"wp-block-spacer\"><\/div>\n\n\n\n<figure class=\"wp-block-image size-large is-style-rounded\"><img loading=\"lazy\" decoding=\"async\" width=\"1024\" height=\"724\" src=\"https:\/\/lasourceauxdesirs.fr\/wp-content\/uploads\/2022\/11\/Sans-titre3-1024x724.jpg\" alt=\"\" class=\"wp-image-200\" srcset=\"https:\/\/lasourceauxdesirs.fr\/wp-content\/uploads\/2022\/11\/Sans-titre3-1024x724.jpg 1024w, https:\/\/lasourceauxdesirs.fr\/wp-content\/uploads\/2022\/11\/Sans-titre3-300x212.jpg 300w, https:\/\/lasourceauxdesirs.fr\/wp-content\/uploads\/2022\/11\/Sans-titre3-768x543.jpg 768w, https:\/\/lasourceauxdesirs.fr\/wp-content\/uploads\/2022\/11\/Sans-titre3-1536x1086.jpg 1536w, https:\/\/lasourceauxdesirs.fr\/wp-content\/uploads\/2022\/11\/Sans-titre3-2048x1448.jpg 2048w, https:\/\/lasourceauxdesirs.fr\/wp-content\/uploads\/2022\/11\/Sans-titre3-1200x848.jpg 1200w, https:\/\/lasourceauxdesirs.fr\/wp-content\/uploads\/2022\/11\/Sans-titre3-1980x1400.jpg 1980w\" sizes=\"auto, (max-width: 1024px) 100vw, 1024px\" \/><\/figure>\n\n\n\n<p class=\"has-text-align-center has-black-color has-text-color has-link-color has-medium-font-size wp-elements-82280686a3eb30adcaf8a629a419174d\">Coin salon avec \u00e9cran plat 4K 120 cm<\/p>\n\n\n\n<div style=\"height:100px\" aria-hidden=\"true\" class=\"wp-block-spacer\"><\/div>\n\n\n<div class=\"wp-block-image is-style-rounded\">\n<figure class=\"aligncenter size-full is-resized\"><img loading=\"lazy\" decoding=\"async\" width=\"1170\" height=\"876\" src=\"https:\/\/lasourceauxdesirs.fr\/wp-content\/uploads\/2024\/11\/d219af32-055e-4113-8273-863429330964.jpg\" alt=\"\" class=\"wp-image-403\" style=\"object-fit:cover;width:776px;height:auto\" srcset=\"https:\/\/lasourceauxdesirs.fr\/wp-content\/uploads\/2024\/11\/d219af32-055e-4113-8273-863429330964.jpg 1170w, https:\/\/lasourceauxdesirs.fr\/wp-content\/uploads\/2024\/11\/d219af32-055e-4113-8273-863429330964-300x225.jpg 300w, https:\/\/lasourceauxdesirs.fr\/wp-content\/uploads\/2024\/11\/d219af32-055e-4113-8273-863429330964-1024x767.jpg 1024w, https:\/\/lasourceauxdesirs.fr\/wp-content\/uploads\/2024\/11\/d219af32-055e-4113-8273-863429330964-768x575.jpg 768w\" sizes=\"auto, (max-width: 1170px) 100vw, 1170px\" \/><\/figure>\n<\/div>\n\n\n<p class=\"has-text-align-center has-black-color has-text-color has-link-color has-medium-font-size wp-elements-2f12d88d1be2c348e36ba70054d996d5\">Jacuzzi 6 personnes, jets hydromassages, \u00e9clairage chromoth\u00e9rapie et syst\u00e8me audio Bluetooth<\/p>\n\n\n\n<div style=\"height:100px\" aria-hidden=\"true\" class=\"wp-block-spacer\"><\/div>\n\n\n\n<figure class=\"wp-block-image size-large is-style-rounded\"><img loading=\"lazy\" decoding=\"async\" width=\"1024\" height=\"767\" src=\"https:\/\/lasourceauxdesirs.fr\/wp-content\/uploads\/2024\/11\/Salle-de-bain-1024x767.jpg\" alt=\"\" class=\"wp-image-503\" srcset=\"https:\/\/lasourceauxdesirs.fr\/wp-content\/uploads\/2024\/11\/Salle-de-bain-1024x767.jpg 1024w, https:\/\/lasourceauxdesirs.fr\/wp-content\/uploads\/2024\/11\/Salle-de-bain-300x225.jpg 300w, https:\/\/lasourceauxdesirs.fr\/wp-content\/uploads\/2024\/11\/Salle-de-bain-768x575.jpg 768w, https:\/\/lasourceauxdesirs.fr\/wp-content\/uploads\/2024\/11\/Salle-de-bain.jpg 1170w\" sizes=\"auto, (max-width: 1024px) 100vw, 1024px\" \/><\/figure>\n\n\n\n<p class=\"has-text-align-center has-black-color has-text-color has-link-color has-medium-font-size wp-elements-bc9729799e00483d1b7fc5bf0b4f3858\">Coin salle de bain avec douche et vasque, toilettes s\u00e9par\u00e9es <\/p>\n\n\n\n<div style=\"height:100px\" aria-hidden=\"true\" class=\"wp-block-spacer\"><\/div>\n\n\n\n<figure class=\"wp-block-image size-large is-style-rounded\"><img loading=\"lazy\" decoding=\"async\" width=\"1024\" height=\"768\" src=\"https:\/\/lasourceauxdesirs.fr\/wp-content\/uploads\/2022\/11\/Cuisine-et-lit-1024x768.jpg\" alt=\"\" class=\"wp-image-179\" srcset=\"https:\/\/lasourceauxdesirs.fr\/wp-content\/uploads\/2022\/11\/Cuisine-et-lit-1024x768.jpg 1024w, https:\/\/lasourceauxdesirs.fr\/wp-content\/uploads\/2022\/11\/Cuisine-et-lit-300x225.jpg 300w, https:\/\/lasourceauxdesirs.fr\/wp-content\/uploads\/2022\/11\/Cuisine-et-lit-768x576.jpg 768w, https:\/\/lasourceauxdesirs.fr\/wp-content\/uploads\/2022\/11\/Cuisine-et-lit-1536x1152.jpg 1536w, https:\/\/lasourceauxdesirs.fr\/wp-content\/uploads\/2022\/11\/Cuisine-et-lit-2048x1536.jpg 2048w, https:\/\/lasourceauxdesirs.fr\/wp-content\/uploads\/2022\/11\/Cuisine-et-lit-1200x900.jpg 1200w, https:\/\/lasourceauxdesirs.fr\/wp-content\/uploads\/2022\/11\/Cuisine-et-lit-1980x1485.jpg 1980w\" sizes=\"auto, (max-width: 1024px) 100vw, 1024px\" \/><\/figure>\n\n\n\n<p class=\"has-text-align-center has-black-color has-text-color has-link-color has-medium-font-size wp-elements-561a1087bb86ccef0e86e9c941d04764\">Coin cuisine \u00e9quip\u00e9e: plaque vitro c\u00e9ramique, micro-ondes, r\u00e9frig\u00e9rateur, Senseo, Bouilloire, four&#8230; <\/p>\n\n\n\n<div style=\"height:100px\" aria-hidden=\"true\" class=\"wp-block-spacer\"><\/div>\n\n\n\n<figure class=\"wp-block-image size-large is-style-rounded\"><img loading=\"lazy\" decoding=\"async\" width=\"1024\" height=\"768\" src=\"https:\/\/lasourceauxdesirs.fr\/wp-content\/uploads\/2023\/08\/terrasse-1024x768.jpg\" alt=\"\" class=\"wp-image-313\" srcset=\"https:\/\/lasourceauxdesirs.fr\/wp-content\/uploads\/2023\/08\/terrasse-1024x768.jpg 1024w, https:\/\/lasourceauxdesirs.fr\/wp-content\/uploads\/2023\/08\/terrasse-300x225.jpg 300w, https:\/\/lasourceauxdesirs.fr\/wp-content\/uploads\/2023\/08\/terrasse-768x576.jpg 768w, https:\/\/lasourceauxdesirs.fr\/wp-content\/uploads\/2023\/08\/terrasse-1536x1152.jpg 1536w, https:\/\/lasourceauxdesirs.fr\/wp-content\/uploads\/2023\/08\/terrasse-1200x900.jpg 1200w, https:\/\/lasourceauxdesirs.fr\/wp-content\/uploads\/2023\/08\/terrasse-1980x1485.jpg 1980w, https:\/\/lasourceauxdesirs.fr\/wp-content\/uploads\/2023\/08\/terrasse.jpg 2048w\" sizes=\"auto, (max-width: 1024px) 100vw, 1024px\" \/><\/figure>\n\n\n\n<p class=\"has-text-align-center has-black-color has-text-color has-link-color has-medium-font-size wp-elements-587add88ac8a9c987e75f2269d2b4218\">Terrasse priv\u00e9e avec vue sur nos 3 adorables ch\u00e8vres: Galipette, Flocon et Tagada.<\/p>\n\n\n\n<p class=\"has-text-align-center has-black-color has-text-color has-link-color has-medium-font-size wp-elements-0f5167048c9c128f809558f7876a1cbd\">Parking Priv\u00e9<\/p>\n\n\n\n<p class=\"has-text-align-center has-black-color has-text-color has-link-color has-large-font-size wp-elements-a3a2e74fc1faeecc406d31f3dd3b0054\">Peignoirs, chaussons, serviettes de toilette et s\u00e8che cheveux \u00e0 disposition. <\/p>\n\n\n\n<p><\/p>\n","protected":false},"excerpt":{"rendered":"<p>Le g\u00eete Un coin chambre avec lit Queen Size Coin salon avec \u00e9cran plat 4K 120 cm Jacuzzi 6 personnes, jets hydromassages, \u00e9clairage chromoth\u00e9rapie et syst\u00e8me audio Bluetooth Coin salle de bain avec douche et vasque, toilettes s\u00e9par\u00e9es Coin cuisine \u00e9quip\u00e9e: plaque vitro c\u00e9ramique, micro-ondes, r\u00e9frig\u00e9rateur, Senseo, Bouilloire, four&#8230; Terrasse priv\u00e9e avec vue sur nos [&hellip;]<\/p>\n","protected":false},"author":1,"featured_media":185,"parent":0,"menu_order":0,"comment_status":"closed","ping_status":"closed","template":"","meta":{"footnotes":""},"class_list":["post-12","page","type-page","status-publish","has-post-thumbnail","hentry"],"_links":{"self":[{"href":"https:\/\/lasourceauxdesirs.fr\/index.php?rest_route=\/wp\/v2\/pages\/12","targetHints":{"allow":["GET"]}}],"collection":[{"href":"https:\/\/lasourceauxdesirs.fr\/index.php?rest_route=\/wp\/v2\/pages"}],"about":[{"href":"https:\/\/lasourceauxdesirs.fr\/index.php?rest_route=\/wp\/v2\/types\/page"}],"author":[{"embeddable":true,"href":"https:\/\/lasourceauxdesirs.fr\/index.php?rest_route=\/wp\/v2\/users\/1"}],"replies":[{"embeddable":true,"href":"https:\/\/lasourceauxdesirs.fr\/index.php?rest_route=%2Fwp%2Fv2%2Fcomments&post=12"}],"version-history":[{"count":32,"href":"https:\/\/lasourceauxdesirs.fr\/index.php?rest_route=\/wp\/v2\/pages\/12\/revisions"}],"predecessor-version":[{"id":545,"href":"https:\/\/lasourceauxdesirs.fr\/index.php?rest_route=\/wp\/v2\/pages\/12\/revisions\/545"}],"wp:featuredmedia":[{"embeddable":true,"href":"https:\/\/lasourceauxdesirs.fr\/index.php?rest_route=\/wp\/v2\/media\/185"}],"wp:attachment":[{"href":"https:\/\/lasourceauxdesirs.fr\/index.php?rest_route=%2Fwp%2Fv2%2Fmedia&parent=12"}],"curies":[{"name":"wp","href":"https:\/\/api.w.org\/{rel}","templated":true}]}}